{"id":3670,"date":"2017-04-05T14:02:36","date_gmt":"2017-04-05T14:02:36","guid":{"rendered":"http:\/\/www.monitor-bk.cz\/?page_id=3670"},"modified":"2017-04-05T14:02:36","modified_gmt":"2017-04-05T14:02:36","slug":"harmonogram","status":"publish","type":"page","link":"https:\/\/www.monitor-bk.cz\/?page_id=3670","title":{"rendered":"Harmonogram"},"content":{"rendered":"<p>N\u00ed\u017ee v tabulce naleznete\u00a0harmonogram vyd\u00e1n\u00ed ti\u0161t\u011bn\u00e9ho Monitoru. Distribuce se prov\u00e1d\u00ed v\u017edy od p\u00e1tku do ned\u011ble. V p\u0159\u00edpad\u011b, \u017ee v\u00e1m nebo va\u0161im zn\u00e1m\u00fdm nep\u0159ijde Monitor do schr\u00e1nky, nev\u00e1hejte n\u00e1s <a href=\"https:\/\/www.monitor-bk.cz\/?page_id=152\">kontaktovat<\/a>.<\/p>\n<h2 id=\"tablepress-3-name\" class=\"tablepress-table-name tablepress-table-name-id-3\">Harmonogram Monitoru 2024<\/h2>\n\n<table id=\"tablepress-3\" class=\"tablepress tablepress-id-3\" aria-labelledby=\"tablepress-3-name\">\n<thead>\n<tr class=\"row-1 odd\">\n\t<th class=\"column-1\">Monitor \u010d\u00edslo<\/th><th class=\"column-2\">Term\u00edn uz\u00e1v\u011brky<\/th><th class=\"column-3\">Term\u00edn vyd\u00e1n\u00ed<\/th>\n<\/tr>\n<\/thead>\n<tbody class=\"row-hover\">\n<tr class=\"row-2 even\">\n\t<td class=\"column-1\">01\/24<\/td><td class=\"column-2\">9.1.2024<\/td><td class=\"column-3\">12.1.2024<\/td>\n<\/tr>\n<tr class=\"row-3 odd\">\n\t<td class=\"column-1\">02\/24<\/td><td class=\"column-2\">23.1.2024<\/td><td class=\"column-3\">26.2.2024<\/td>\n<\/tr>\n<tr class=\"row-4 even\">\n\t<td class=\"column-1\">03\/24<\/td><td class=\"column-2\">6.2.2024<\/td><td class=\"column-3\">9.2.2024<\/td>\n<\/tr>\n<tr class=\"row-5 odd\">\n\t<td class=\"column-1\">04\/24<\/td><td class=\"column-2\">20.2.2024<\/td><td class=\"column-3\">23.2.2024<\/td>\n<\/tr>\n<tr class=\"row-6 even\">\n\t<td class=\"column-1\">05\/24<\/td><td class=\"column-2\">5.3.2024<\/td><td class=\"column-3\">8.3.2024<\/td>\n<\/tr>\n<tr class=\"row-7 odd\">\n\t<td class=\"column-1\">06\/24<\/td><td class=\"column-2\">19.3.2024<\/td><td class=\"column-3\">22.3.2024<\/td>\n<\/tr>\n<tr class=\"row-8 even\">\n\t<td class=\"column-1\">07\/24<\/td><td class=\"column-2\">9.4.2024<\/td><td class=\"column-3\">12.4.2024<\/td>\n<\/tr>\n<tr class=\"row-9 odd\">\n\t<td class=\"column-1\">08\/24<\/td><td class=\"column-2\">7.5.2024<\/td><td class=\"column-3\">10.5.2024<\/td>\n<\/tr>\n<tr class=\"row-10 even\">\n\t<td class=\"column-1\">09\/24<\/td><td class=\"column-2\">11.6.2024<\/td><td class=\"column-3\">14.6.2024<\/td>\n<\/tr>\n<tr class=\"row-11 odd\">\n\t<td class=\"column-1\">10\/24<\/td><td class=\"column-2\">9.7.2024<\/td><td class=\"column-3\">12.7.2024<\/td>\n<\/tr>\n<tr class=\"row-12 even\">\n\t<td class=\"column-1\">11\/24<\/td><td class=\"column-2\">13.8.2024<\/td><td class=\"column-3\">16.8.2024<\/td>\n<\/tr>\n<tr class=\"row-13 odd\">\n\t<td class=\"column-1\">12\/24<\/td><td class=\"column-2\">10.9.2024<\/td><td class=\"column-3\">13.9.2024<\/td>\n<\/tr>\n<tr class=\"row-14 even\">\n\t<td class=\"column-1\">13\/24<\/td><td class=\"column-2\">8.10.2024<\/td><td class=\"column-3\">11.10.2024<\/td>\n<\/tr>\n<tr class=\"row-15 odd\">\n\t<td class=\"column-1\">14\/24<\/td><td class=\"column-2\">5.11.2024<\/td><td class=\"column-3\">8.11.2024<\/td>\n<\/tr>\n<tr class=\"row-16 even\">\n\t<td class=\"column-1\">15\/24<\/td><td class=\"column-2\">10.12.2024<\/td><td class=\"column-3\">13.12.2024<\/td>\n<\/tr>\n<\/tbody>\n<\/table>\n<!-- #tablepress-3 from cache -->\n","protected":false},"excerpt":{"rendered":"<p>N\u00ed\u017ee v tabulce naleznete\u00a0harmonogram vyd\u00e1n\u00ed ti\u0161t\u011bn\u00e9ho Monitoru. Distribuce se prov\u00e1d\u00ed v\u017edy od p\u00e1tku do ned\u011ble. V p\u0159\u00edpad\u011b, \u017ee v\u00e1m nebo<\/p>\n","protected":false},"author":1,"featured_media":0,"parent":0,"menu_order":0,"comment_status":"closed","ping_status":"closed","template":"","meta":[],"_links":{"self":[{"href":"https:\/\/www.monitor-bk.cz\/index.php?rest_route=\/wp\/v2\/pages\/3670"}],"collection":[{"href":"https:\/\/www.monitor-bk.cz\/index.php?rest_route=\/wp\/v2\/pages"}],"about":[{"href":"https:\/\/www.monitor-bk.cz\/index.php?rest_route=\/wp\/v2\/types\/page"}],"author":[{"embeddable":true,"href":"https:\/\/www.monitor-bk.cz\/index.php?rest_route=\/wp\/v2\/users\/1"}],"replies":[{"embeddable":true,"href":"https:\/\/www.monitor-bk.cz\/index.php?rest_route=%2Fwp%2Fv2%2Fcomments&post=3670"}],"version-history":[{"count":2,"href":"https:\/\/www.monitor-bk.cz\/index.php?rest_route=\/wp\/v2\/pages\/3670\/revisions"}],"predecessor-version":[{"id":3672,"href":"https:\/\/www.monitor-bk.cz\/index.php?rest_route=\/wp\/v2\/pages\/3670\/revisions\/3672"}],"wp:attachment":[{"href":"https:\/\/www.monitor-bk.cz\/index.php?rest_route=%2Fwp%2Fv2%2Fmedia&parent=3670"}],"curies":[{"name":"wp","href":"https:\/\/api.w.org\/{rel}","templated":true}]}}