{"id":304,"date":"2013-11-18T12:03:37","date_gmt":"2013-11-18T12:03:37","guid":{"rendered":"http:\/\/www.monitor-bk.cz\/?page_id=304"},"modified":"2017-04-05T12:51:57","modified_gmt":"2017-04-05T12:51:57","slug":"reality","status":"publish","type":"page","link":"https:\/\/www.monitor-bk.cz\/?page_id=304","title":{"rendered":"Reality"},"content":{"rendered":"<p><strong>Sem m\u016f\u017eete formou koment\u00e1\u0159\u016f za\u0159azovat soukrom\u00e9 inzer\u00e1ty. P\u0159ipojte tak\u00e9 kontakt na sebe v podob\u011b emailu nebo telefonu.<br \/>\n<\/strong>Inzer\u00e1ty sem vlo\u017een\u00e9 nevyjdou v ti\u0161t\u011bn\u00e9 verzi\u00a0Monitoru! V p\u0159\u00edpad\u011b \u017e\u00e1dosti o zve\u0159ejn\u011bn\u00ed \u0159\u00e1dkov\u00e9 inzerce v novin\u00e1ch ji\u00a0za\u0161lete <a href=\"mailto: monitor@monitor-bk.cz\">na n\u00e1\u0161 email<\/a>.<\/p>\n","protected":false},"excerpt":{"rendered":"<p>Sem m\u016f\u017eete formou koment\u00e1\u0159\u016f za\u0159azovat soukrom\u00e9 inzer\u00e1ty. P\u0159ipojte tak\u00e9 kontakt na sebe v podob\u011b emailu nebo telefonu. Inzer\u00e1ty sem vlo\u017een\u00e9<\/p>\n","protected":false},"author":1,"featured_media":0,"parent":296,"menu_order":0,"comment_status":"open","ping_status":"open","template":"","meta":[],"_links":{"self":[{"href":"https:\/\/www.monitor-bk.cz\/index.php?rest_route=\/wp\/v2\/pages\/304"}],"collection":[{"href":"https:\/\/www.monitor-bk.cz\/index.php?rest_route=\/wp\/v2\/pages"}],"about":[{"href":"https:\/\/www.monitor-bk.cz\/index.php?rest_route=\/wp\/v2\/types\/page"}],"author":[{"embeddable":true,"href":"https:\/\/www.monitor-bk.cz\/index.php?rest_route=\/wp\/v2\/users\/1"}],"replies":[{"embeddable":true,"href":"https:\/\/www.monitor-bk.cz\/index.php?rest_route=%2Fwp%2Fv2%2Fcomments&post=304"}],"version-history":[{"count":13,"href":"https:\/\/www.monitor-bk.cz\/index.php?rest_route=\/wp\/v2\/pages\/304\/revisions"}],"predecessor-version":[{"id":3665,"href":"https:\/\/www.monitor-bk.cz\/index.php?rest_route=\/wp\/v2\/pages\/304\/revisions\/3665"}],"up":[{"embeddable":true,"href":"https:\/\/www.monitor-bk.cz\/index.php?rest_route=\/wp\/v2\/pages\/296"}],"wp:attachment":[{"href":"https:\/\/www.monitor-bk.cz\/index.php?rest_route=%2Fwp%2Fv2%2Fmedia&parent=304"}],"curies":[{"name":"wp","href":"https:\/\/api.w.org\/{rel}","templated":true}]}}