{"id":296,"date":"2013-11-18T12:00:59","date_gmt":"2013-11-18T12:00:59","guid":{"rendered":"http:\/\/www.monitor-bk.cz\/?page_id=296"},"modified":"2017-04-05T13:59:52","modified_gmt":"2017-04-05T13:59:52","slug":"vase-inzerce","status":"publish","type":"page","link":"https:\/\/www.monitor-bk.cz\/?page_id=296","title":{"rendered":"\u0158\u00e1dkov\u00e1 inzerce"},"content":{"rendered":"<p><strong><strong>Sem m\u016f\u017eete formou koment\u00e1\u0159\u016f za\u0159azovat soukrom\u00e9 inzer\u00e1ty. P\u0159ipojte tak\u00e9 kontakt na sebe v podob\u011b emailu nebo telefonu<\/strong>.\u00a0<\/strong> <strong><a title=\"Koup\u00edm\" href=\"https:\/\/www.monitor-bk.cz\/?page_id=302\">Koup\u00edm<\/a><\/strong> <strong><a title=\"Prod\u00e1m\" href=\"https:\/\/www.monitor-bk.cz\/?page_id=298\">Prod\u00e1m<\/a><\/strong> <a title=\"Reality\" href=\"https:\/\/www.monitor-bk.cz\/?page_id=304\"><strong>Reality<\/strong><\/a> <a title=\"R\u016fzn\u00e9\" href=\"https:\/\/www.monitor-bk.cz\/?page_id=306\"><strong>R\u016fzn\u00e9<\/strong><\/a><\/p>\n","protected":false},"excerpt":{"rendered":"<p>Sem m\u016f\u017eete formou koment\u00e1\u0159\u016f za\u0159azovat soukrom\u00e9 inzer\u00e1ty. P\u0159ipojte tak\u00e9 kontakt na sebe v podob\u011b emailu nebo telefonu.\u00a0 Koup\u00edm Prod\u00e1m Reality<\/p>\n","protected":false},"author":1,"featured_media":0,"parent":0,"menu_order":0,"comment_status":"closed","ping_status":"closed","template":"","meta":[],"_links":{"self":[{"href":"https:\/\/www.monitor-bk.cz\/index.php?rest_route=\/wp\/v2\/pages\/296"}],"collection":[{"href":"https:\/\/www.monitor-bk.cz\/index.php?rest_route=\/wp\/v2\/pages"}],"about":[{"href":"https:\/\/www.monitor-bk.cz\/index.php?rest_route=\/wp\/v2\/types\/page"}],"author":[{"embeddable":true,"href":"https:\/\/www.monitor-bk.cz\/index.php?rest_route=\/wp\/v2\/users\/1"}],"replies":[{"embeddable":true,"href":"https:\/\/www.monitor-bk.cz\/index.php?rest_route=%2Fwp%2Fv2%2Fcomments&post=296"}],"version-history":[{"count":17,"href":"https:\/\/www.monitor-bk.cz\/index.php?rest_route=\/wp\/v2\/pages\/296\/revisions"}],"predecessor-version":[{"id":3669,"href":"https:\/\/www.monitor-bk.cz\/index.php?rest_route=\/wp\/v2\/pages\/296\/revisions\/3669"}],"wp:attachment":[{"href":"https:\/\/www.monitor-bk.cz\/index.php?rest_route=%2Fwp%2Fv2%2Fmedia&parent=296"}],"curies":[{"name":"wp","href":"https:\/\/api.w.org\/{rel}","templated":true}]}}