{"id":17,"date":"2013-11-08T20:29:30","date_gmt":"2013-11-08T20:29:30","guid":{"rendered":"http:\/\/www.euro2024.cz\/?page_id=17"},"modified":"2023-10-19T14:57:56","modified_gmt":"2023-10-19T12:57:56","slug":"cenik-inzerce","status":"publish","type":"page","link":"https:\/\/www.monitor-bk.cz\/?page_id=17","title":{"rendered":"Cen\u00edk"},"content":{"rendered":"<ul>\n<li>1\/1 strana: 30.000,- K\u010d (270 x 400 mm)<\/li>\n<li>1\/2 strany 16.000,- K\u010d (270 x 200 mm)<\/li>\n<li>1\/4 strany 9.000,- K\u010d (132 x 200 mm)<\/li>\n<li>1\/8 strany 4.500,- K\u010d (132 x 100 mm)<\/li>\n<li>1\/16 strany 2.500,- K\u010d (132 x 50 mm, 64 x 100 mm)<\/li>\n<li>\u0158\u00e1dkov\u00e1 podnikatelsk\u00e1 inzerce 2 K\u010d\/\u00fahoz v\u010detn\u011b mezer<\/li>\n<li>Soukrom\u00e1 \u0159\u00e1dkov\u00e1 inzerce je zdarma<\/li>\n<li>PR \u010dl\u00e1nek cca 1\/3 strany 12.000,- K\u010d<\/li>\n<\/ul>\n<p>P\u0159\u00edplatek za prvn\u00ed a posledn\u00ed stranu.<\/p>\n<p><strong>Slevy p\u0159i opakovan\u00e9 inzerci:<\/strong><\/p>\n<p>4 x opakov\u00e1n\u00ed = 20% sleva<br \/>\n8 x opakov\u00e1n\u00ed = 30% sleva<br \/>\n24 x opakov\u00e1n\u00ed (celoro\u010dn\u00ed) = individu\u00e1ln\u00ed sleva.<\/p>\n<p>V\u00fdhodn\u00e9 bal\u00ed\u010dky s PR \u010dl\u00e1nkem ZDARMA &#8211; <a title=\"Kontakt\" href=\"https:\/\/www.monitor-bk.cz\/?page_id=152\">kontaktujte n\u00e1s!<\/a><\/p>\n<p>Ceny jsou uvedeny bez DPH 21%. Grafick\u00e1 \u00faprava zdarma.<\/p>\n","protected":false},"excerpt":{"rendered":"<p>1\/1 strana: 30.000,- K\u010d (270 x 400 mm) 1\/2 strany 16.000,- K\u010d (270 x 200 mm) 1\/4 strany 9.000,- K\u010d<\/p>\n","protected":false},"author":1,"featured_media":0,"parent":0,"menu_order":0,"comment_status":"closed","ping_status":"closed","template":"","meta":[],"_links":{"self":[{"href":"https:\/\/www.monitor-bk.cz\/index.php?rest_route=\/wp\/v2\/pages\/17"}],"collection":[{"href":"https:\/\/www.monitor-bk.cz\/index.php?rest_route=\/wp\/v2\/pages"}],"about":[{"href":"https:\/\/www.monitor-bk.cz\/index.php?rest_route=\/wp\/v2\/types\/page"}],"author":[{"embeddable":true,"href":"https:\/\/www.monitor-bk.cz\/index.php?rest_route=\/wp\/v2\/users\/1"}],"replies":[{"embeddable":true,"href":"https:\/\/www.monitor-bk.cz\/index.php?rest_route=%2Fwp%2Fv2%2Fcomments&post=17"}],"version-history":[{"count":24,"href":"https:\/\/www.monitor-bk.cz\/index.php?rest_route=\/wp\/v2\/pages\/17\/revisions"}],"predecessor-version":[{"id":7495,"href":"https:\/\/www.monitor-bk.cz\/index.php?rest_route=\/wp\/v2\/pages\/17\/revisions\/7495"}],"wp:attachment":[{"href":"https:\/\/www.monitor-bk.cz\/index.php?rest_route=%2Fwp%2Fv2%2Fmedia&parent=17"}],"curies":[{"name":"wp","href":"https:\/\/api.w.org\/{rel}","templated":true}]}}