{"id":152,"date":"2013-11-28T20:48:18","date_gmt":"2013-11-28T20:48:18","guid":{"rendered":"http:\/\/www.monitor-bk.cz\/?page_id=152"},"modified":"2020-04-27T08:01:36","modified_gmt":"2020-04-27T06:01:36","slug":"kontakt","status":"publish","type":"page","link":"https:\/\/www.monitor-bk.cz\/?page_id=152","title":{"rendered":"Kontakt"},"content":{"rendered":"<p><strong>Adresa redakce:<\/strong><br \/>\nSvitavsk\u00e1 500, Blansko 678 01<br \/>\nMartin M\u00fcller<br \/>\nTelefon: 606 728 334<br \/>\n<a href=\"mailto:monitor@monitor-bk.cz\">monitor@monitor-bk.cz<\/a><br \/>\n<a href=\"https:\/\/www.monitor-bk.cz\">www.monitor-bk.cz<\/a><\/p>\n<p><strong>Vydavatel:<\/strong><\/p>\n<p>MONITOR PRESS, spol. s r.o.<br \/>\nDoln\u00ed Lhota 212,&nbsp;Blansko 678 01<br \/>\nI\u010c: 01399543<br \/>\nDI\u010c: CZ01399543<\/p>\n<p>Tiskne SAMAB BRNO GROUP a. s., Cyrilsk\u00e1 14, 602 00 Brno. Zaslan\u00e9 p\u0159\u00edsp\u011bvky redakce nevrac\u00ed, za obsahovou pravdivost \u010dl\u00e1nk\u016f ru\u010d\u00ed autor. Redakce se nemus\u00ed v\u017edy ztoto\u017e\u0148ovat s obsahem dodan\u00fdch \u010dl\u00e1nk\u016f.<\/p>\n<p>Roz\u0161i\u0159ujeme zdarma do v\u0161ech schr\u00e1nek &#8211; Blansko, Horn\u00ed Lhota, Doln\u00ed Lhota, La\u017e\u00e1nky, Spe\u0161ov, Klepa\u010dov, \u010ce\u0161kovice, T\u011bchov, Ob\u016frka, Ho\u0159ice, Ole\u0161n\u00e1.<\/p>\n<p>Ev. \u010d. MK \u010cR E 17746<\/p>\n","protected":false},"excerpt":{"rendered":"<p>Adresa redakce: Svitavsk\u00e1 500, Blansko 678 01 Martin M\u00fcller Telefon: 606 728 334 monitor@monitor-bk.cz www.monitor-bk.cz Vydavatel: MONITOR PRESS, spol. s<\/p>\n","protected":false},"author":1,"featured_media":0,"parent":0,"menu_order":5,"comment_status":"closed","ping_status":"closed","template":"","meta":[],"_links":{"self":[{"href":"https:\/\/www.monitor-bk.cz\/index.php?rest_route=\/wp\/v2\/pages\/152"}],"collection":[{"href":"https:\/\/www.monitor-bk.cz\/index.php?rest_route=\/wp\/v2\/pages"}],"about":[{"href":"https:\/\/www.monitor-bk.cz\/index.php?rest_route=\/wp\/v2\/types\/page"}],"author":[{"embeddable":true,"href":"https:\/\/www.monitor-bk.cz\/index.php?rest_route=\/wp\/v2\/users\/1"}],"replies":[{"embeddable":true,"href":"https:\/\/www.monitor-bk.cz\/index.php?rest_route=%2Fwp%2Fv2%2Fcomments&post=152"}],"version-history":[{"count":13,"href":"https:\/\/www.monitor-bk.cz\/index.php?rest_route=\/wp\/v2\/pages\/152\/revisions"}],"predecessor-version":[{"id":6884,"href":"https:\/\/www.monitor-bk.cz\/index.php?rest_route=\/wp\/v2\/pages\/152\/revisions\/6884"}],"wp:attachment":[{"href":"https:\/\/www.monitor-bk.cz\/index.php?rest_route=%2Fwp%2Fv2%2Fmedia&parent=152"}],"curies":[{"name":"wp","href":"https:\/\/api.w.org\/{rel}","templated":true}]}}